{"id":172,"date":"2019-02-06T14:23:41","date_gmt":"2019-02-06T14:23:41","guid":{"rendered":"http:\/\/rhc.veonetwork.com\/?page_id=172"},"modified":"2019-03-14T19:26:34","modified_gmt":"2019-03-14T19:26:34","slug":"mundo-rhc","status":"publish","type":"page","link":"https:\/\/www.rephighclass.com\/rhc\/mundo-rhc\/","title":{"rendered":"Mundo RHC"},"content":{"rendered":"<div  class=\"one withsmallpadding ppb_text\" style=\"text-align:left;padding:40px 0 40px 0;\" >\n<div class=\"standard_wrapper\">\n<div class=\"page_content_wrapper\">\n<div class=\"inner\">\n<div style=\"margin:auto;width:100%\">\n<div class=\"one_half \" style=\"\"><img decoding=\"async\" src=\"http:\/\/www.rephighclass.com\/rhc\/wp-content\/uploads\/2019\/02\/rhc-quienes-somos.jpg\" alt=\"\" class=\"animated\" data-animation=\"slideLeft\" style=\"\" \/><\/div>\n<div class=\"one_half last \" style=\"\"><span style=\"color: #333;\">Brindar experiencias incre\u00edbles, construir momentos \u00fanicos, exclusivos. Es nuestra misi\u00f3n.<\/span><\/p>\n<p><span style=\"color: #333;\">En <strong>Representaciones High Class<\/strong> les damos la llave para abrirse a un mundo de lujo infinito; sus vacaciones nunca mas ser\u00e1n lo que usted recordaba; con <strong>RHC<\/strong> se convertir\u00e1n en vividas experiencias. El lujo mas que una recompensa es una forma de vida.<\/span><\/div>\n<p><br class=\"clear\"\/><\/p>\n<\/div>\n<\/div>\n<\/div>\n<\/div>\n<\/div>\n<div class=\"divider one\">&nbsp;<\/div>\n<div  class=\"one\" style=\"text-align:right; line-height: 1.2;color:#294b9a;\" >\n<div class=\"standard_wrapper\">\n<div class=\"page_content_wrapper\">\n<div class=\"inner\">\n<div class=\"one_half content_middle textright\" style=\"padding:50px;\">\n<h2 class=\"ppb_title\" style=\"color:#294b9a;\">Siempre con buenas noticias<\/h2>\n<div class=\"page_tagline\" style=\"color:#294b9a;\">RHC esta constantemente creando oportunidades y anhelos para todos los gustos. Cada viaje puede ser el perfecto para usted y su familia\u2026<\/div>\n<div class=\"ppb_header_content\"><a class=\"button small \" style=\"background-color:#294b9a !important;color: !important;border:1px solid #294b9a !important;\" onclick=\"window.open('http:\/\/www.rephighclass.com\/rhc\/noticias\/', '_self')\">Ver m\u00e1s<\/a>\n<\/div>\n<\/div>\n<div class=\"one_half last\">\n<div class=\"image_classic_frame expand\">\n<div class=\"image_wrapper\"><a href=\"http:\/\/www.rephighclass.com\/rhc\/wp-content\/uploads\/2019\/02\/HollandAmerica_1528504556970-10-HR.jpg\" class=\"img_frame\"><img decoding=\"async\" src=\"http:\/\/www.rephighclass.com\/rhc\/wp-content\/uploads\/2019\/02\/HollandAmerica_1528504556970-10-HR.jpg\" alt=\"\" class=\"portfolio_img\"\/><\/a><\/div>\n<\/div>\n<\/div>\n<p><br class=\"clear\"\/><\/div>\n<\/div>\n<\/div>\n<\/div>\n<div class=\"divider one\">&nbsp;<\/div>\n<div  class=\"one withsmallpadding ppb_text\" style=\"text-align:left;padding:40px 0 40px 0;background-color:#294b9a;\" >\n<div class=\"standard_wrapper\">\n<div class=\"page_content_wrapper\">\n<div class=\"inner\">\n<div style=\"margin:auto;width:100%\">\n<div class=\"one_half \" style=\"\"><span style=\"color: #fff; text-align:right !important;\">Fundada en 1989, representando productos de alta gama y nivel, como lujosas navieras, trenes que son joyas ferroviarias, aviones privados con servicios 6 estrellas, hoteles boutique y viajes hechos a la medida que cambiaran la vida de cada persona y har\u00e1n que les llevemos a cumplir sue\u00f1os en un mundo ilimitado de posibilidades llenando de infinitas experiencias y memorias el resto de sus vidas.<\/span><\/div>\n<div class=\"one_half last \" style=\"\">\n<h2 class=\"ppb_title\" style=\"text-align:left; color:#fff;\">Celebrando<br \/>nuestros 40 a\u00f1os<\/h1>\n<\/div>\n<p><br class=\"clear\"\/><\/p>\n<\/div>\n<\/div>\n<\/div>\n<\/div>\n<\/div>\n","protected":false},"excerpt":{"rendered":"<p>Brindar experiencias incre\u00edbles, construir momentos \u00fanicos, exclusivos. Es nuestra misi\u00f3n. En Representaciones High Class les damos la llave para abrirse a un mundo de lujo infinito; sus vacaciones nunca mas ser\u00e1n lo que usted recordaba; con RHC se convertir\u00e1n en [&hellip;]<\/p>\n","protected":false},"author":1,"featured_media":18,"parent":0,"menu_order":0,"comment_status":"closed","ping_status":"closed","template":"","meta":{"footnotes":""},"class_list":["post-172","page","type-page","status-publish","has-post-thumbnail","hentry"],"_links":{"self":[{"href":"https:\/\/www.rephighclass.com\/rhc\/wp-json\/wp\/v2\/pages\/172","targetHints":{"allow":["GET"]}}],"collection":[{"href":"https:\/\/www.rephighclass.com\/rhc\/wp-json\/wp\/v2\/pages"}],"about":[{"href":"https:\/\/www.rephighclass.com\/rhc\/wp-json\/wp\/v2\/types\/page"}],"author":[{"embeddable":true,"href":"https:\/\/www.rephighclass.com\/rhc\/wp-json\/wp\/v2\/users\/1"}],"replies":[{"embeddable":true,"href":"https:\/\/www.rephighclass.com\/rhc\/wp-json\/wp\/v2\/comments?post=172"}],"version-history":[{"count":34,"href":"https:\/\/www.rephighclass.com\/rhc\/wp-json\/wp\/v2\/pages\/172\/revisions"}],"predecessor-version":[{"id":477,"href":"https:\/\/www.rephighclass.com\/rhc\/wp-json\/wp\/v2\/pages\/172\/revisions\/477"}],"wp:featuredmedia":[{"embeddable":true,"href":"https:\/\/www.rephighclass.com\/rhc\/wp-json\/wp\/v2\/media\/18"}],"wp:attachment":[{"href":"https:\/\/www.rephighclass.com\/rhc\/wp-json\/wp\/v2\/media?parent=172"}],"curies":[{"name":"wp","href":"https:\/\/api.w.org\/{rel}","templated":true}]}}