{"id":366,"date":"2019-02-20T21:32:14","date_gmt":"2019-02-20T21:32:14","guid":{"rendered":"http:\/\/rhc.veonetwork.com\/?page_id=366"},"modified":"2019-02-22T21:42:27","modified_gmt":"2019-02-22T21:42:27","slug":"jets","status":"publish","type":"page","link":"https:\/\/www.rephighclass.com\/rhc\/jets\/","title":{"rendered":"Jets"},"content":{"rendered":"<div  class=\"one withsmallpadding ppb_header parallax withbg \" style=\"background-image:url(http:\/\/www.rephighclass.com\/rhc\/wp-content\/uploads\/2019\/02\/crystal-cruises-airlines-dining-room-CC1016.jpg);background-position: center center;text-align:center;padding:300px 0 300px 0;color:#ffffff;\" >\n<div class=\"overlay_background\" style=\"background:#000000;background:rgb(0,0,0,0.5);background:rgba(0,0,0,0.5);\"><\/div>\n<div class=\"standard_wrapper\">\n<div class=\"page_content_wrapper\">\n<div class=\"inner\">\n<div style=\"margin:auto;width:100%\">\n<h2 class=\"ppb_title\" style=\"color:#ffffff;\">Jets<\/h2>\n<\/div>\n<\/div>\n<\/div>\n<\/div>\n<\/div>\n<div  class=\"one withsmallpadding ppb_header \" style=\"text-align:center;padding:40px 0 40px 0;color:#333333;\" >\n<div class=\"standard_wrapper\">\n<div class=\"page_content_wrapper\">\n<div class=\"inner\">\n<div style=\"margin:auto;width:100%\">\n<div class=\"page_tagline\" style=\"color:#333333;\">Viajar en charter te permite volar al destino que desees, bien sea en familia o por trabajo, te proporcionamos un servicio personalizado, donde nos adaptamos a sus necesidades, proporcion\u00e1ndole un itinerario, donde pueden elegir la hora y fecha exacta de su vuelo, haciendo de esta una experiencia totalmente memorable exclusiva y de lujo.<\/div>\n<\/div>\n<\/div>\n<\/div>\n<\/div>\n<\/div>\n<div  class=\"one ppb_card_two_cols_with_image\" style=\"text-align:right;position:relative;padding:40px 0 40px 0;color:#18264a;\" >\n<div class=\"standard_wrapper\">\n<div class=\"page_content_wrapper\">\n<div class=\"inner\">\n<div class=\"one_half parallax_scroll\" style=\"width:40%;position:absolute;padding:40px;z-index:2;block !important;background:#fff;\" data-stellar-ratio=\"1.3\">\n<h2 class=\"ppb_title\" style=\"color:#18264a;\">Crystal Cruises<\/h2>\n<div class=\"ppb_header_content\">\n<p><span style=\"color: #000000;\">Aviones ejecutivos, con servicio especializado que se adaptada a las necesidades que cada cliente tiene, proporcionando el confort y la exclusividad que se merece cada uno al momento de realizar su viaje.<br \/>\n<\/span><\/p>\n<p><a class=\"button small \" style=\"background-color:#294b9a !important;color:#ffffff !important;border:1px solid #294b9a !important;\" onclick=\"window.open('#cotizador', '_self')\">\u00a1Quiero cotizar!<\/a>\n<\/div>\n<\/div>\n<div class=\"one_half parallax_scroll_image last\" style=\"width:80%;\">\n<div class=\"image_classic_frame expand\">\n<div class=\"image_wrapper\"><img decoding=\"async\" src=\"http:\/\/www.rephighclass.com\/rhc\/wp-content\/uploads\/2019\/02\/1-3.jpg\" alt=\"\" class=\"portfolio_img\"\/><\/div>\n<\/div>\n<\/div>\n<p><br class=\"clear\"\/><\/div>\n<\/div>\n<\/div>\n<\/div>\n<div  class=\"one withsmallpadding ppb_text\" style=\"text-align:left;padding:40px 0 40px 0;\" >\n<div class=\"standard_wrapper\">\n<div class=\"page_content_wrapper\">\n<div class=\"inner\">\n<div style=\"margin:auto;width:100%\">\n<p><span id=\"cotizador\"><\/span><\/p>\n<\/div>\n<\/div>\n<\/div>\n<\/div>\n<\/div>\n<div  class=\"one withsmallpadding ppb_contact_half_bg withbg parallax \" style=\"background-image:url(http:\/\/www.rephighclass.com\/rhc\/wp-content\/uploads\/2019\/02\/3690581444001_5537004697001_image-1502322558375.jpg);background-position: center top;padding:40px 0 40px 0;\" >\n<div class=\"standard_wrapper\">\n<div class=\"page_content_wrapper\">\n<div class=\"inner\">\n<div class=\"one_half_bg floatright\" style=\"background:#ffffff;background:rgb(255,255,255,1);background:rgba(255,255,255,1);color:#18264a;\" data-stellar-ratio=\"1.3\">\n<h2 class=\"ppb_title\" style=\"color:#18264a;\">\u00a1Cotice el viaje de sus sue\u00f1os!<\/h2>\n<div class=\"contact_form7_wrapper\">\n<div role=\"form\" class=\"wpcf7\" id=\"wpcf7-f426-o1\" lang=\"es-ES\" dir=\"ltr\">\n<div class=\"screen-reader-response\"><\/div>\n<form action=\"\/wp-admin\/post.php#wpcf7-f426-o1\" method=\"post\" class=\"wpcf7-form\" novalidate=\"novalidate\">\n<div style=\"display: none;\">\n<input type=\"hidden\" name=\"_wpcf7\" value=\"426\" \/><br \/>\n<input type=\"hidden\" name=\"_wpcf7_version\" value=\"5.1.1\" \/><br \/>\n<input type=\"hidden\" name=\"_wpcf7_locale\" value=\"es_ES\" \/><br \/>\n<input type=\"hidden\" name=\"_wpcf7_unit_tag\" value=\"wpcf7-f426-o1\" \/><br \/>\n<input type=\"hidden\" name=\"_wpcf7_container_post\" value=\"0\" \/><br \/>\n<input type=\"hidden\" name=\"g-recaptcha-response\" value=\"\" \/>\n<\/div>\n<p><label><span class=\"wpcf7-form-control-wrap your-name\"><input type=\"text\" name=\"your-name\" value=\"\" size=\"40\" class=\"wpcf7-form-control wpcf7-text wpcf7-validates-as-required\" aria-required=\"true\" aria-invalid=\"false\" placeholder=\"Nombre* Ej: Pedro P\u00e9rez\" \/><\/span><\/label><\/p>\n<p><label><span class=\"wpcf7-form-control-wrap your-email\"><input type=\"email\" name=\"your-email\" value=\"\" size=\"40\" class=\"wpcf7-form-control wpcf7-text wpcf7-email wpcf7-validates-as-required wpcf7-validates-as-email\" aria-required=\"true\" aria-invalid=\"false\" placeholder=\"Correo Electr\u00f3nico*\" \/><\/span><\/label><\/p>\n<p><label><span class=\"wpcf7-form-control-wrap your-tel\"><input type=\"tel\" name=\"your-tel\" value=\"\" size=\"40\" class=\"wpcf7-form-control wpcf7-text wpcf7-tel wpcf7-validates-as-required wpcf7-validates-as-tel\" aria-required=\"true\" aria-invalid=\"false\" placeholder=\"Tel\u00e9fono \/ M\u00f3vil*\" \/><\/span><\/label><\/p>\n<h3>\u00bfA donde desea viajar?<\/h3>\n<p><label><span class=\"wpcf7-form-control-wrap menu-391\"><select name=\"menu-391\" class=\"wpcf7-form-control wpcf7-select\" aria-invalid=\"false\"><option value=\"\">&#8212;<\/option><option value=\"Londres\">Londres<\/option><option value=\"Los \u00c1ngeles\">Los \u00c1ngeles<\/option><option value=\"Beijing\">Beijing<\/option><\/select><\/span><\/label><\/p>\n<h3>\u00bfPosee visa para su destino?<\/h3>\n<p><span class=\"wpcf7-form-control-wrap radio-908\"><span class=\"wpcf7-form-control wpcf7-radio\"><span class=\"wpcf7-list-item first\"><input type=\"radio\" name=\"radio-908\" value=\"S\u00ed\" checked=\"checked\" \/><span class=\"wpcf7-list-item-label\">S\u00ed<\/span><\/span><span class=\"wpcf7-list-item last\"><input type=\"radio\" name=\"radio-908\" value=\"No\" \/><span class=\"wpcf7-list-item-label\">No<\/span><\/span><\/span><\/span><\/p>\n<h3>\u00bfCon cu\u00e1l l\u00ednea A\u00e9rea desea viajar?<\/h3>\n<p><span class=\"wpcf7-form-control-wrap radio-622\"><span class=\"wpcf7-form-control wpcf7-radio\"><span class=\"wpcf7-list-item first\"><input type=\"radio\" name=\"radio-622\" value=\"Cotizar Varios\" checked=\"checked\" \/><span class=\"wpcf7-list-item-label\">Cotizar Varios<\/span><\/span><span class=\"wpcf7-list-item\"><input type=\"radio\" name=\"radio-622\" value=\"Crystal AirCruises Experience\" \/><span class=\"wpcf7-list-item-label\">Crystal AirCruises Experience<\/span><\/span><span class=\"wpcf7-list-item last\"><input type=\"radio\" name=\"radio-622\" value=\"Crystal Luxury Air\" \/><span class=\"wpcf7-list-item-label\">Crystal Luxury Air<\/span><\/span><\/span><\/span><\/p>\n<h3>\u00bfCu\u00e1ndo desea viajar?<\/h3>\n<p><label><span class=\"wpcf7-form-control-wrap date-549\"><input type=\"date\" name=\"date-549\" value=\"Desde:\" class=\"wpcf7-form-control wpcf7-date wpcf7-validates-as-date\" aria-invalid=\"false\" \/><\/span><\/label> <label><span class=\"wpcf7-form-control-wrap date-550\"><input type=\"date\" name=\"date-550\" value=\"hasta:\" class=\"wpcf7-form-control wpcf7-date wpcf7-validates-as-date\" aria-invalid=\"false\" \/><\/span><\/label><\/p>\n<p><input type=\"submit\" value=\"Enviar\" class=\"wpcf7-form-control wpcf7-submit\" \/><\/p>\n<div class=\"wpcf7-response-output wpcf7-display-none\"><\/div>\n<\/form>\n<\/div>\n<\/div>\n<\/div>\n<\/div>\n<\/div>\n<\/div>\n<\/div>\n<\/div>\n","protected":false},"excerpt":{"rendered":"<p>Jets Viajar en charter te permite volar al destino que desees, bien sea en familia o por trabajo, te proporcionamos un servicio personalizado, donde nos adaptamos a sus necesidades, proporcion\u00e1ndole un itinerario, donde pueden elegir la hora y fecha exacta [&hellip;]<\/p>\n","protected":false},"author":1,"featured_media":0,"parent":0,"menu_order":0,"comment_status":"closed","ping_status":"closed","template":"","meta":{"footnotes":""},"class_list":["post-366","page","type-page","status-publish","hentry"],"_links":{"self":[{"href":"https:\/\/www.rephighclass.com\/rhc\/wp-json\/wp\/v2\/pages\/366","targetHints":{"allow":["GET"]}}],"collection":[{"href":"https:\/\/www.rephighclass.com\/rhc\/wp-json\/wp\/v2\/pages"}],"about":[{"href":"https:\/\/www.rephighclass.com\/rhc\/wp-json\/wp\/v2\/types\/page"}],"author":[{"embeddable":true,"href":"https:\/\/www.rephighclass.com\/rhc\/wp-json\/wp\/v2\/users\/1"}],"replies":[{"embeddable":true,"href":"https:\/\/www.rephighclass.com\/rhc\/wp-json\/wp\/v2\/comments?post=366"}],"version-history":[{"count":9,"href":"https:\/\/www.rephighclass.com\/rhc\/wp-json\/wp\/v2\/pages\/366\/revisions"}],"predecessor-version":[{"id":433,"href":"https:\/\/www.rephighclass.com\/rhc\/wp-json\/wp\/v2\/pages\/366\/revisions\/433"}],"wp:attachment":[{"href":"https:\/\/www.rephighclass.com\/rhc\/wp-json\/wp\/v2\/media?parent=366"}],"curies":[{"name":"wp","href":"https:\/\/api.w.org\/{rel}","templated":true}]}}