{"id":374,"date":"2019-02-21T16:12:21","date_gmt":"2019-02-21T16:12:21","guid":{"rendered":"http:\/\/rhc.veonetwork.com\/?page_id=374"},"modified":"2019-03-14T19:55:42","modified_gmt":"2019-03-14T19:55:42","slug":"trenes","status":"publish","type":"page","link":"https:\/\/www.rephighclass.com\/rhc\/trenes\/","title":{"rendered":"Trenes"},"content":{"rendered":"<div  class=\"one withsmallpadding ppb_header parallax withbg \" style=\"background-image:url(http:\/\/www.rephighclass.com\/rhc\/wp-content\/uploads\/2019\/02\/trans-inside-lounge.jpg);background-position: center center;text-align:center;padding:300px 0 300px 0;color:#ffffff;\" >\n<div class=\"overlay_background\" style=\"background:#000000;background:rgb(0,0,0,0.5);background:rgba(0,0,0,0.5);\"><\/div>\n<div class=\"standard_wrapper\">\n<div class=\"page_content_wrapper\">\n<div class=\"inner\">\n<div style=\"margin:auto;width:100%\">\n<h2 class=\"ppb_title\" style=\"color:#ffffff;\">Trenes<\/h2>\n<\/div>\n<\/div>\n<\/div>\n<\/div>\n<\/div>\n<div  class=\"one withsmallpadding ppb_header \" style=\"text-align:center;padding:40px 0 40px 0;color:#333333;\" >\n<div class=\"standard_wrapper\">\n<div class=\"page_content_wrapper\">\n<div class=\"inner\">\n<div style=\"margin:auto;width:100%\">\n<div class=\"page_tagline\" style=\"color:#333333;\">La nostalgia evocadora de viajar en un tren que es de por si una joya ferroviaria del siglo XIX-XX donde cada panel de marqueter\u00eda, lamparas de bronce, manteler\u00eda de fino hilo, copas de cristal labrado, vajilla con sello de oro y un personal en guantes blancos le trasladan al tiempo en que el traqueteo sobre los durmientes le transporte a la \u00e9poca dorada del buen viajar. Un viaje con la perfecta combinaci\u00f3n cultural unida a enolog\u00eda y gastronom\u00eda. Descubrir poblados con expertos gu\u00edas, eso y mas es trenes tur\u00edsticos.  <\/div>\n<\/div>\n<\/div>\n<\/div>\n<\/div>\n<\/div>\n<div  class=\"one ppb_card_two_cols_with_image\" style=\"text-align:right;position:relative;padding:40px 0 40px 0;color:#18264a;\" >\n<div class=\"standard_wrapper\">\n<div class=\"page_content_wrapper\">\n<div class=\"inner\">\n<div class=\"one_half parallax_scroll\" style=\"width:40%;position:absolute;padding:40px;z-index:2;block !important;background:#fff;\" data-stellar-ratio=\"1.3\">\n<h2 class=\"ppb_title\" style=\"color:#18264a;\">Al Andalus<\/h2>\n<div class=\"ppb_header_content\">\n<p><span style=\"color: #000000;\">Andalucia en \u00e1rabe: <strong>AL ANDALUS<\/strong>, como su nombre lo dice es recorrer con magia las tierras que fueran ocupadas durante mas de 400 a\u00f1os por el imperio otomano. Saliendo desde el coraz\u00f3n de esta regi\u00f3n, Sevilla y su estaci\u00f3n de santa justa iremos de la mano de profesionales gu\u00edas descubriendo historias, leyendas y  an\u00e9cdotas por C\u00f3rdoba, Cadis, Granada y su famosa Alhambra, Ronda Cuna de la Tauromaquia, descubrir Jerez y su elixir, reg\u00e1lele a su paladar los manjares resultantes de esa fusi\u00f3n andaluza y \u00e1rabe y los caldos apropiadas para un matrimonio perfecto con capacidad m\u00e1xima de 64 pasajeros en suites superiores y suites est\u00e1ndar; Itinerarios de 7 d\u00edas iniciando en Sevilla y terminando en Sevilla.<\/span><\/p>\n<p><a class=\"button small \" style=\"background-color:#294b9a !important;color:#ffffff !important;border:1px solid #294b9a !important;\" onclick=\"window.open('#cotizador', '_self')\">\u00a1Quiero cotizar!<\/a>\n<\/div>\n<\/div>\n<div class=\"one_half parallax_scroll_image last\" style=\"width:80%;\">\n<div class=\"image_classic_frame expand\">\n<div class=\"image_wrapper\"><img decoding=\"async\" src=\"http:\/\/www.rephighclass.com\/rhc\/wp-content\/uploads\/2019\/02\/02_slider_AlAndalus.jpg\" alt=\"\" class=\"portfolio_img\"\/><\/div>\n<\/div>\n<\/div>\n<p><br class=\"clear\"\/><\/div>\n<\/div>\n<\/div>\n<\/div>\n<div  class=\"one ppb_card_two_cols_with_image\" style=\"text-align:right;position:relative;padding:40px 0 40px 0;color:#18264a;\" >\n<div class=\"standard_wrapper\">\n<div class=\"page_content_wrapper\">\n<div class=\"inner\">\n<div class=\"one_half parallax_scroll_image\" style=\"width:80%;\">\n<div class=\"image_classic_frame expand\">\n<div class=\"image_wrapper\"><img decoding=\"async\" src=\"http:\/\/www.rephighclass.com\/rhc\/wp-content\/uploads\/2019\/02\/El-Transcant\u00e1brico-GL-Playa-de-San-Antolin-HR-9F3lgAjX.jpg\" alt=\"\" class=\"portfolio_img\"\/><\/div>\n<\/div>\n<\/div>\n<div class=\"one_half last parallax_scroll\" style=\"width:40%;position:absolute;padding:40px;background:#fff;\" data-stellar-ratio=\"1.3\">\n<h2 class=\"ppb_title\" style=\"color:#18264a;\">Transcant\u00e1brico Gran Lujo<\/h2>\n<div class=\"ppb_header_content\">\n<p><span style=\"color: #000000;\">Probablemente el termino de lujo asi\u00e1tico nunca hab\u00eda sido mas acertado que a bordo de nuestro transcantabrico gran lujo. 14 s\u00faper suites para escasos 28 pasajeros con toda la tecnolog\u00eda del siglo XXI. En cada suite disponen de televisi\u00f3n satelital con programaci\u00f3n, WI-FI intermitente, sal\u00f3n de estar. Su tren es su hotel y a la vez su transporte. \u201c un crucero de lujo sobre rieles\u201d. El norte de Espa\u00f1a posee la temeridad del brav\u00edo mar con cantabrico y los verdes mas inveros\u00edmiles que pueda usted imaginar. 7 d\u00edas desde Santiago de Compostela y viceversa.<\/span><\/p>\n<p><a class=\"button small \" style=\"background-color:#294b9a !important;color:#ffffff !important;border:1px solid #294b9a !important;\" onclick=\"window.open('#cotizador', '_self')\">\u00a1Quiero cotizar!<\/a>\n<\/div>\n<\/div>\n<p><br class=\"clear\"\/><\/div>\n<\/div>\n<\/div>\n<\/div>\n<div  class=\"one ppb_card_two_cols_with_image\" style=\"text-align:right;position:relative;padding:40px 0 40px 0;color:#18264a;\" >\n<div class=\"standard_wrapper\">\n<div class=\"page_content_wrapper\">\n<div class=\"inner\">\n<div class=\"one_half parallax_scroll\" style=\"width:40%;position:absolute;padding:40px;z-index:2;block !important;background:#fff;\" data-stellar-ratio=\"1.3\">\n<h2 class=\"ppb_title\" style=\"color:#18264a;\">Transcant\u00e1brico Cl\u00e1sico<\/h2>\n<div class=\"ppb_header_content\">\n<p><span style=\"color: #000000;\">54 pasajeros recorren lujosamente la traves\u00eda parcial de cantabrico para llegar luego a las tierras leonesas, cada comida tendr\u00e1 siempre el mejor de los sellos de cada regi\u00f3n y puerto que toque, a bordo nuestra cocina \u201cGalleys\u201d con chef de alto prestigio que les sorprender\u00e1n cada d\u00eda o en los restaurantes minuciosamente seleccionados en las salidas y paseos, cultura, gastronom\u00eda, y enolog\u00eda son sellos garantes de un viaje sin paralelo.<\/span><\/p>\n<p><a class=\"button small \" style=\"background-color:#294b9a !important;color:#ffffff !important;border:1px solid #294b9a !important;\" onclick=\"window.open('#cotizador', '_self')\">\u00a1Quiero cotizar!<\/a>\n<\/div>\n<\/div>\n<div class=\"one_half parallax_scroll_image last\" style=\"width:80%;\">\n<div class=\"image_classic_frame expand\">\n<div class=\"image_wrapper\"><img decoding=\"async\" src=\"http:\/\/www.rephighclass.com\/rhc\/wp-content\/uploads\/2019\/02\/05_slider_TranscantabricoClasico-1.jpg\" alt=\"\" class=\"portfolio_img\"\/><\/div>\n<\/div>\n<\/div>\n<p><br class=\"clear\"\/><\/div>\n<\/div>\n<\/div>\n<\/div>\n<div  class=\"one withsmallpadding ppb_text\" style=\"text-align:left;padding:40px 0 40px 0;\" >\n<div class=\"standard_wrapper\">\n<div class=\"page_content_wrapper\">\n<div class=\"inner\">\n<div style=\"margin:auto;width:100%\">\n<p><span id=\"cotizador\"><\/span><\/p>\n<\/div>\n<\/div>\n<\/div>\n<\/div>\n<\/div>\n<div  class=\"one withsmallpadding ppb_contact_half_bg withbg parallax \" style=\"background-image:url(http:\/\/www.rephighclass.com\/rhc\/wp-content\/uploads\/2019\/02\/transcantabrico-bonar-iv.jpg);background-position: center center;padding:25px 0 25px 0;\" >\n<div class=\"standard_wrapper\">\n<div class=\"page_content_wrapper\">\n<div class=\"inner\">\n<div class=\"one_half_bg floatright\" style=\"background:#ffffff;background:rgb(255,255,255,1);background:rgba(255,255,255,1);color:#18264a;\" data-stellar-ratio=\"1.3\">\n<h2 class=\"ppb_title\" style=\"color:#18264a;\">\u00a1Planifique el viaje de sus sue\u00f1os!<\/h2>\n<div class=\"ppb_header_content\">\n<p><span id=\"cotizador\" style=\"padding:0; line-height:0;\"><\/span><\/p>\n<\/div>\n<div class=\"contact_form7_wrapper\">\n<div role=\"form\" class=\"wpcf7\" id=\"wpcf7-f410-o1\" lang=\"es-ES\" dir=\"ltr\">\n<div class=\"screen-reader-response\"><\/div>\n<form action=\"\/wp-admin\/post.php#wpcf7-f410-o1\" method=\"post\" class=\"wpcf7-form\" novalidate=\"novalidate\">\n<div style=\"display: none;\">\n<input type=\"hidden\" name=\"_wpcf7\" value=\"410\" \/><br \/>\n<input type=\"hidden\" name=\"_wpcf7_version\" value=\"5.1.1\" \/><br \/>\n<input type=\"hidden\" name=\"_wpcf7_locale\" value=\"es_ES\" \/><br \/>\n<input type=\"hidden\" name=\"_wpcf7_unit_tag\" value=\"wpcf7-f410-o1\" \/><br \/>\n<input type=\"hidden\" name=\"_wpcf7_container_post\" value=\"0\" \/><br \/>\n<input type=\"hidden\" name=\"g-recaptcha-response\" value=\"\" \/>\n<\/div>\n<p><label><span class=\"wpcf7-form-control-wrap your-name\"><input type=\"text\" name=\"your-name\" value=\"\" size=\"40\" class=\"wpcf7-form-control wpcf7-text wpcf7-validates-as-required\" aria-required=\"true\" aria-invalid=\"false\" placeholder=\"Nombre* Ej: Pedro P\u00e9rez\" \/><\/span><\/label><\/p>\n<p><label><span class=\"wpcf7-form-control-wrap your-email\"><input type=\"email\" name=\"your-email\" value=\"\" size=\"40\" class=\"wpcf7-form-control wpcf7-text wpcf7-email wpcf7-validates-as-required wpcf7-validates-as-email\" aria-required=\"true\" aria-invalid=\"false\" placeholder=\"Correo Electr\u00f3nico*\" \/><\/span><\/label><\/p>\n<p><label><span class=\"wpcf7-form-control-wrap your-tel\"><input type=\"tel\" name=\"your-tel\" value=\"\" size=\"40\" class=\"wpcf7-form-control wpcf7-text wpcf7-tel wpcf7-validates-as-required wpcf7-validates-as-tel\" aria-required=\"true\" aria-invalid=\"false\" placeholder=\"Tel\u00e9fono \/ M\u00f3vil*\" \/><\/span><\/label><\/p>\n<h3>\u00bfA donde desea viajar?<\/h3>\n<p><label><span class=\"wpcf7-form-control-wrap menu-391\"><select name=\"menu-391\" class=\"wpcf7-form-control wpcf7-select\" aria-invalid=\"false\"><option value=\"\">&#8212;<\/option><option value=\"Sevilla - Sevilla\">Sevilla &#8211; Sevilla<\/option><option value=\"Madrid - Sevilla\">Madrid &#8211; Sevilla<\/option><option value=\"Sevilla - Madrid\">Sevilla &#8211; Madrid<\/option><option value=\"San Sebasti\u00e1n - Santiago de Compostela\">San Sebasti\u00e1n &#8211; Santiago de Compostela<\/option><option value=\"Santiago de Compostela - San Sebasti\u00e1n\">Santiago de Compostela &#8211; San Sebasti\u00e1n<\/option><option value=\"Le\u00f3n - Santiago de Compostela\">Le\u00f3n &#8211; Santiago de Compostela<\/option><option value=\"Santiago de Compostela - Le\u00f3n\">Santiago de Compostela &#8211; Le\u00f3n<\/option><option value=\"Santander - Le\u00f3n\">Santander &#8211; Le\u00f3n<\/option><option value=\"Le\u00f3n - Santander\">Le\u00f3n &#8211; Santander<\/option><option value=\"Santander - Santiago de Compostela\">Santander &#8211; Santiago de Compostela<\/option><option value=\"Santiago de Compostela - Santander\">Santiago de Compostela &#8211; Santander<\/option><\/select><\/span><\/label><\/p>\n<h3>\u00bfPosee visa para su destino?<\/h3>\n<p><span class=\"wpcf7-form-control-wrap radio-908\"><span class=\"wpcf7-form-control wpcf7-radio\"><span class=\"wpcf7-list-item first\"><input type=\"radio\" name=\"radio-908\" value=\"S\u00ed\" checked=\"checked\" \/><span class=\"wpcf7-list-item-label\">S\u00ed<\/span><\/span><span class=\"wpcf7-list-item last\"><input type=\"radio\" name=\"radio-908\" value=\"No\" \/><span class=\"wpcf7-list-item-label\">No<\/span><\/span><\/span><\/span><\/p>\n<h3>\u00bfCon cu\u00e1l ferroviaria desea viajar?<\/h3>\n<p><span class=\"wpcf7-form-control-wrap radio-622\"><span class=\"wpcf7-form-control wpcf7-radio\"><span class=\"wpcf7-list-item first\"><input type=\"radio\" name=\"radio-622\" value=\"Cotizar Varios\" checked=\"checked\" \/><span class=\"wpcf7-list-item-label\">Cotizar Varios<\/span><\/span><span class=\"wpcf7-list-item\"><input type=\"radio\" name=\"radio-622\" value=\"Al Andalus\" \/><span class=\"wpcf7-list-item-label\">Al Andalus<\/span><\/span><span class=\"wpcf7-list-item\"><input type=\"radio\" name=\"radio-622\" value=\"Transcant\u00e1brico Gran Lujo\" \/><span class=\"wpcf7-list-item-label\">Transcant\u00e1brico Gran Lujo<\/span><\/span><span class=\"wpcf7-list-item last\"><input type=\"radio\" name=\"radio-622\" value=\"Transcant\u00e1brico Cl\u00e1sico\" \/><span class=\"wpcf7-list-item-label\">Transcant\u00e1brico Cl\u00e1sico<\/span><\/span><\/span><\/span><\/p>\n<h3>\u00bfCu\u00e1ndo desea viajar?<\/h3>\n<p><label><span class=\"wpcf7-form-control-wrap date-549\"><input type=\"date\" name=\"date-549\" value=\"Desde:\" class=\"wpcf7-form-control wpcf7-date wpcf7-validates-as-date\" aria-invalid=\"false\" \/><\/span><\/label> <label><span class=\"wpcf7-form-control-wrap date-550\"><input type=\"date\" name=\"date-550\" value=\"hasta:\" class=\"wpcf7-form-control wpcf7-date wpcf7-validates-as-date\" aria-invalid=\"false\" \/><\/span><\/label><\/p>\n<p><input type=\"submit\" value=\"Enviar\" class=\"wpcf7-form-control wpcf7-submit\" \/><\/p>\n<div class=\"wpcf7-response-output wpcf7-display-none\"><\/div>\n<\/form>\n<\/div>\n<\/div>\n<\/div>\n<\/div>\n<\/div>\n<\/div>\n<\/div>\n<\/div>\n","protected":false},"excerpt":{"rendered":"<p>Trenes La nostalgia evocadora de viajar en un tren que es de por si una joya ferroviaria del siglo XIX-XX donde cada panel de marqueter\u00eda, lamparas de bronce, manteler\u00eda de fino hilo, copas de cristal labrado, vajilla con sello de [&hellip;]<\/p>\n","protected":false},"author":1,"featured_media":0,"parent":0,"menu_order":0,"comment_status":"closed","ping_status":"closed","template":"","meta":{"footnotes":""},"class_list":["post-374","page","type-page","status-publish","hentry"],"_links":{"self":[{"href":"https:\/\/www.rephighclass.com\/rhc\/wp-json\/wp\/v2\/pages\/374","targetHints":{"allow":["GET"]}}],"collection":[{"href":"https:\/\/www.rephighclass.com\/rhc\/wp-json\/wp\/v2\/pages"}],"about":[{"href":"https:\/\/www.rephighclass.com\/rhc\/wp-json\/wp\/v2\/types\/page"}],"author":[{"embeddable":true,"href":"https:\/\/www.rephighclass.com\/rhc\/wp-json\/wp\/v2\/users\/1"}],"replies":[{"embeddable":true,"href":"https:\/\/www.rephighclass.com\/rhc\/wp-json\/wp\/v2\/comments?post=374"}],"version-history":[{"count":21,"href":"https:\/\/www.rephighclass.com\/rhc\/wp-json\/wp\/v2\/pages\/374\/revisions"}],"predecessor-version":[{"id":479,"href":"https:\/\/www.rephighclass.com\/rhc\/wp-json\/wp\/v2\/pages\/374\/revisions\/479"}],"wp:attachment":[{"href":"https:\/\/www.rephighclass.com\/rhc\/wp-json\/wp\/v2\/media?parent=374"}],"curies":[{"name":"wp","href":"https:\/\/api.w.org\/{rel}","templated":true}]}}