{"id":39,"date":"2019-01-14T14:40:40","date_gmt":"2019-01-14T14:40:40","guid":{"rendered":"http:\/\/rhc.veonetwork.com\/?page_id=39"},"modified":"2019-03-29T16:59:22","modified_gmt":"2019-03-29T16:59:22","slug":"navieras","status":"publish","type":"page","link":"https:\/\/www.rephighclass.com\/rhc\/navieras\/","title":{"rendered":"Navieras"},"content":{"rendered":"<div  class=\"one withsmallpadding ppb_header parallax withbg \" style=\"background-image:url(http:\/\/www.rephighclass.com\/rhc\/wp-content\/uploads\/2019\/02\/\u00a9Scott-Sporleder-Aqua-Expeditions-95-of-338.jpg);background-position: center center;text-align:center;padding:300px 0 300px 0;color:#ffffff;\" >\n<div class=\"overlay_background\" style=\"background:#000000;background:rgb(0,0,0,0.5);background:rgba(0,0,0,0.5);\"><\/div>\n<div class=\"standard_wrapper\">\n<div class=\"page_content_wrapper\">\n<div class=\"inner\">\n<div style=\"margin:auto;width:100%\">\n<h2 class=\"ppb_title\" style=\"color:#ffffff;\">Navieras<\/h2>\n<\/div>\n<\/div>\n<\/div>\n<\/div>\n<\/div>\n<div  class=\"one withsmallpadding ppb_header \" style=\"text-align:center;padding:40px 0 40px 0;color:#333333;\" >\n<div class=\"standard_wrapper\">\n<div class=\"page_content_wrapper\">\n<div class=\"inner\">\n<div style=\"margin:auto;width:100%\">\n<div class=\"page_tagline\" style=\"color:#333333;\">Navieras exclusivas todas 5 estrellas, 5 estrellas plus e inclusive 6 estrellas. Barcos boutique con servicios personalizados. En nuestras navieras todo pasajero tiene \u201cnombre y apellido\u201d.<\/div>\n<\/div>\n<\/div>\n<\/div>\n<\/div>\n<\/div>\n<div  class=\"one ppb_card_two_cols_with_image\" style=\"text-align:right;position:relative;padding:40px 0 40px 0;color:#18264a;\" >\n<div class=\"standard_wrapper\">\n<div class=\"page_content_wrapper\">\n<div class=\"inner\">\n<div class=\"one_half parallax_scroll\" style=\"width:40%;position:absolute;padding:40px;z-index:2;block !important;background:#fff;\" data-stellar-ratio=\"1.3\">\n<h2 class=\"ppb_title\" style=\"color:#18264a;\">Aqua Expeditions<\/h2>\n<div class=\"ppb_header_content\">\n<p><span style=\"color: #000000;\">Vive la ex\u00f3tica, intima y exuberante experiencia de descubrir las misteriosas aguas del rio Peruano, el rio MEKONG, entre Vietnam y Camboya, disfrutando de un servicio impecable para pocos privilegiados con una gastronom\u00eda de autor. <\/span><\/p>\n<p><a class=\"button small \" style=\"background-color:#294b9a !important;color:#ffffff !important;border:1px solid #294b9a !important;\" onclick=\"window.open('#cotizador', '_self')\">\u00a1Quiero cotizar!<\/a>\n<\/div>\n<\/div>\n<div class=\"one_half parallax_scroll_image last\" style=\"width:80%;\">\n<div class=\"image_classic_frame expand\">\n<div class=\"image_wrapper\"><img decoding=\"async\" src=\"http:\/\/www.rephighclass.com\/rhc\/wp-content\/uploads\/2019\/02\/ARIA-Exterior-8.jpg\" alt=\"\" class=\"portfolio_img\"\/><\/div>\n<\/div>\n<\/div>\n<p><br class=\"clear\"\/><\/div>\n<\/div>\n<\/div>\n<\/div>\n<div  class=\"one ppb_card_two_cols_with_image\" style=\"text-align:right;position:relative;padding:40px 0 40px 0;color:#18264a;\" >\n<div class=\"standard_wrapper\">\n<div class=\"page_content_wrapper\">\n<div class=\"inner\">\n<div class=\"one_half parallax_scroll_image\" style=\"width:80%;\">\n<div class=\"image_classic_frame expand\">\n<div class=\"image_wrapper\"><img decoding=\"async\" src=\"http:\/\/www.rephighclass.com\/rhc\/wp-content\/uploads\/2019\/02\/HollandAmerica_1528504556970-10-HR.jpg\" alt=\"\" class=\"portfolio_img\"\/><\/div>\n<\/div>\n<\/div>\n<div class=\"one_half last parallax_scroll\" style=\"width:40%;position:absolute;padding:40px;background:#fff;\" data-stellar-ratio=\"1.3\">\n<h2 class=\"ppb_title\" style=\"color:#18264a;\">Holland America Line<\/h2>\n<div class=\"ppb_header_content\">\n<p><span style=\"color: #000000;\">Holland American Line \u201cSeabour The Journey\u201d, una naviera con abolengo, cerca de 150 a\u00f1os circunnavegando el globo a los lugares mas reconditos; grandes barcos para pocos pasajeros,gastronom\u00eda garantizada por la prestigiosa  sociedad de la Chaine des Rotisseurs; lleno de obras de arte, museos flotantes con sus 5 estrellas plus, nunca quedara decepcionado.<\/span><\/p>\n<p><a class=\"button small \" style=\"background-color:#294b9a !important;color:#ffffff !important;border:1px solid #294b9a !important;\" onclick=\"window.open('#cotizador', '_self')\">\u00a1Quiero cotizar!<\/a>\n<\/div>\n<\/div>\n<p><br class=\"clear\"\/><\/div>\n<\/div>\n<\/div>\n<\/div>\n<div  class=\"one ppb_card_two_cols_with_image\" style=\"text-align:right;position:relative;padding:40px 0 40px 0;color:#18264a;\" >\n<div class=\"standard_wrapper\">\n<div class=\"page_content_wrapper\">\n<div class=\"inner\">\n<div class=\"one_half parallax_scroll\" style=\"width:40%;position:absolute;padding:40px;z-index:2;block !important;background:#fff;\" data-stellar-ratio=\"1.3\">\n<h2 class=\"ppb_title\" style=\"color:#18264a;\">Crystal Cruises<\/h2>\n<div class=\"ppb_header_content\">\n<p><span style=\"color: #000000;\">Seis estrellas ni mas ni menos; eso y mucho mas le ofrece a cada uno de nuestros pasajeros la galardonada consecutivamente Crystal Cruise, con escasos 27a\u00f1os de existencia ha sido honrado a\u00f1o tras a\u00f1o como la mejor naviera 6 estrellas en el mundo. Nuestros destinos, el confort, el espacio y la tripulaci\u00f3n son avales s\u00faper lativos para llevarte d\u00eda tras d\u00eda a su destino con calidad principesca.<\/span><\/p>\n<p><a class=\"button small \" style=\"background-color:#294b9a !important;color:#ffffff !important;border:1px solid #294b9a !important;\" onclick=\"window.open('#cotizador', '_self')\">\u00a1Quiero cotizar!<\/a>\n<\/div>\n<\/div>\n<div class=\"one_half parallax_scroll_image last\" style=\"width:80%;\">\n<div class=\"image_classic_frame expand\">\n<div class=\"image_wrapper\"><img decoding=\"async\" src=\"http:\/\/www.rephighclass.com\/rhc\/wp-content\/uploads\/2019\/02\/635570124357120268-Crystal-Symphony-1-.jpg\" alt=\"\" class=\"portfolio_img\"\/><\/div>\n<\/div>\n<\/div>\n<p><br class=\"clear\"\/><\/div>\n<\/div>\n<\/div>\n<\/div>\n<div  class=\"one ppb_card_two_cols_with_image\" style=\"text-align:right;position:relative;padding:40px 0 40px 0;color:#18264a;\" >\n<div class=\"standard_wrapper\">\n<div class=\"page_content_wrapper\">\n<div class=\"inner\">\n<div class=\"one_half parallax_scroll_image\" style=\"width:80%;\">\n<div class=\"image_classic_frame expand\">\n<div class=\"image_wrapper\"><img decoding=\"async\" src=\"http:\/\/www.rephighclass.com\/rhc\/wp-content\/uploads\/2019\/02\/seabourn-quest-1.jpg\" alt=\"\" class=\"portfolio_img\"\/><\/div>\n<\/div>\n<\/div>\n<div class=\"one_half last parallax_scroll\" style=\"width:40%;position:absolute;padding:40px;background:#fff;\" data-stellar-ratio=\"1.3\">\n<h2 class=\"ppb_title\" style=\"color:#18264a;\">Seabourn Cruise Line<\/h2>\n<div class=\"ppb_header_content\">\n<p><span style=\"color: #000000;\">Una naviera con tradici\u00f3n de lujo, una relaci\u00f3n pocas veces vista: Un tripulante por pasajero; cada uno de nuestros barcos con una capacidad m\u00e1xima de 600 pasajeros, restaurante cuya gastronom\u00eda esta avalada por el Chef Thomas Keller con tres estrellas michelin, todas las bebidas \u201cPremium\u201d incluidas, plataforma marina con deportes acu\u00e1ticos, piscinas y el Spa mas grande sobre el mar. No tenemos cabinas \u00fanicamente suite. \u00bfQuiere mayor lujo?.<\/span><\/p>\n<p><a class=\"button small \" style=\"background-color:#294b9a !important;color:#ffffff !important;border:1px solid #294b9a !important;\" onclick=\"window.open('#cotizador', '_self')\">\u00a1Quiero cotizar!<\/a>\n<\/div>\n<\/div>\n<p><br class=\"clear\"\/><\/div>\n<\/div>\n<\/div>\n<\/div>\n<div  class=\"one ppb_card_two_cols_with_image\" style=\"text-align:right;position:relative;padding:40px 0 40px 0;color:#18264a;\" >\n<div class=\"standard_wrapper\">\n<div class=\"page_content_wrapper\">\n<div class=\"inner\">\n<div class=\"one_half parallax_scroll\" style=\"width:40%;position:absolute;padding:40px;z-index:2;block !important;background:#fff;\" data-stellar-ratio=\"1.3\">\n<h2 class=\"ppb_title\" style=\"color:#18264a;\">Windstar Cruises<\/h2>\n<div class=\"ppb_header_content\">\n<p><span style=\"color: #000000;\">Su slogan dice mucho: 180 grados de diferencias; veleros \u00fanicos en su estilo con una capacidad m\u00e1xima de 312 pasajeros, todos los avances en tecnolog\u00eda, yates con un m\u00e1ximo de 312 pasajeros, gastronom\u00eda de autor, ambiente relajado sin sacrificar el buen gusto, viajar sin formalidades dejando las corbatas en casa. Deportes acu\u00e1ticos incluidos, eventos \u00fanicos para los pasajeros, una excursi\u00f3n tem\u00e1tica por itinerio incluida.<br \/>\n<\/span><\/p>\n<p><a class=\"button small \" style=\"background-color:#294b9a !important;color:#ffffff !important;border:1px solid #294b9a !important;\" onclick=\"window.open('#cotizador', '_self')\">\u00a1Quiero cotizar!<\/a>\n<\/div>\n<\/div>\n<div class=\"one_half parallax_scroll_image last\" style=\"width:80%;\">\n<div class=\"image_classic_frame expand\">\n<div class=\"image_wrapper\"><img decoding=\"async\" src=\"http:\/\/www.rephighclass.com\/rhc\/wp-content\/uploads\/2019\/02\/WindSurf-1024x769.jpg\" alt=\"\" class=\"portfolio_img\"\/><\/div>\n<\/div>\n<\/div>\n<p><br class=\"clear\"\/><\/div>\n<\/div>\n<\/div>\n<\/div>\n<div  class=\"one withsmallpadding ppb_text\" style=\"text-align:left;padding:40px 0 40px 0;\" >\n<div class=\"standard_wrapper\">\n<div class=\"page_content_wrapper\">\n<div class=\"inner\">\n<div style=\"margin:auto;width:100%\">\n<p><span id=\"cotizador\"><\/span><\/p>\n<\/div>\n<\/div>\n<\/div>\n<\/div>\n<\/div>\n<div  class=\"one withsmallpadding ppb_contact_half_bg withbg parallax \" style=\"background-image:url(http:\/\/www.rephighclass.com\/rhc\/wp-content\/uploads\/2019\/03\/YR15_neumar-channel-5580-e1553878745319.jpg);background-position: center center;padding:40px 0 40px 0;\" >\n<div class=\"standard_wrapper\">\n<div class=\"page_content_wrapper\">\n<div class=\"inner\">\n<div class=\"one_half_bg\" style=\"background:#ffffff;background:rgb(255,255,255,1);background:rgba(255,255,255,1);color:#18264a;\" data-stellar-ratio=\"1.3\">\n<h2 class=\"ppb_title\" style=\"color:#18264a;\">\u00a1Presupueste el viaje de sus sue\u00f1os!<\/h2>\n<div class=\"contact_form7_wrapper\">\n<div role=\"form\" class=\"wpcf7\" id=\"wpcf7-f44-o1\" lang=\"es-ES\" dir=\"ltr\">\n<div class=\"screen-reader-response\"><\/div>\n<form action=\"\/wp-admin\/post.php#wpcf7-f44-o1\" method=\"post\" class=\"wpcf7-form\" novalidate=\"novalidate\">\n<div style=\"display: none;\">\n<input type=\"hidden\" name=\"_wpcf7\" value=\"44\" \/><br \/>\n<input type=\"hidden\" name=\"_wpcf7_version\" value=\"5.1.1\" \/><br \/>\n<input type=\"hidden\" name=\"_wpcf7_locale\" value=\"es_ES\" \/><br \/>\n<input type=\"hidden\" name=\"_wpcf7_unit_tag\" value=\"wpcf7-f44-o1\" \/><br \/>\n<input type=\"hidden\" name=\"_wpcf7_container_post\" value=\"0\" \/><br \/>\n<input type=\"hidden\" name=\"g-recaptcha-response\" value=\"\" \/>\n<\/div>\n<p><label><span class=\"wpcf7-form-control-wrap your-name\"><input type=\"text\" name=\"your-name\" value=\"\" size=\"40\" class=\"wpcf7-form-control wpcf7-text wpcf7-validates-as-required\" aria-required=\"true\" aria-invalid=\"false\" placeholder=\"Nombre* Ej: Pedro P\u00e9rez\" \/><\/span><\/label><\/p>\n<p><label><span class=\"wpcf7-form-control-wrap your-email\"><input type=\"email\" name=\"your-email\" value=\"\" size=\"40\" class=\"wpcf7-form-control wpcf7-text wpcf7-email wpcf7-validates-as-required wpcf7-validates-as-email\" aria-required=\"true\" aria-invalid=\"false\" placeholder=\"Correo Electr\u00f3nico*\" \/><\/span><\/label><\/p>\n<p><label><span class=\"wpcf7-form-control-wrap your-tel\"><input type=\"tel\" name=\"your-tel\" value=\"\" size=\"40\" class=\"wpcf7-form-control wpcf7-text wpcf7-tel wpcf7-validates-as-required wpcf7-validates-as-tel\" aria-required=\"true\" aria-invalid=\"false\" placeholder=\"Tel\u00e9fono \/ M\u00f3vil*\" \/><\/span><\/label><\/p>\n<h3>\u00bfA donde desea viajar?<\/h3>\n<p><label><span class=\"wpcf7-form-control-wrap menu-821\"><select name=\"menu-821\" class=\"wpcf7-form-control wpcf7-select\" aria-invalid=\"false\"><option value=\"\">&#8212;<\/option><option value=\"\u00c1frica\">\u00c1frica<\/option><option value=\"Alaska\">Alaska<\/option><option value=\"Ant\u00e1rtica\">Ant\u00e1rtica<\/option><option value=\"Ant\u00e1rtida y Patagonia\">Ant\u00e1rtida y Patagonia<\/option><option value=\"Asia\">Asia<\/option><option value=\"Australia y Nueva Zelanda\">Australia y Nueva Zelanda<\/option><option value=\"Camboya, Vietnam y El Mekong\">Camboya, Vietnam y El Mekong<\/option><option value=\"Canad\u00e1 y Nueva Inglaterra\">Canad\u00e1 y Nueva Inglaterra<\/option><option value=\"Canal de Panam\u00e1\">Canal de Panam\u00e1<\/option><option value=\"Caribe\">Caribe<\/option><option value=\"Costa del Pac\u00edfico\">Costa del Pac\u00edfico<\/option><option value=\"Costa Atl\u00e1ntica de Estados Unidos\">Costa Atl\u00e1ntica de Estados Unidos<\/option><option value=\"Costa Pac\u00edfico de Estados Unidos\">Costa Pac\u00edfico de Estados Unidos<\/option><option value=\"Cruces del oc\u00e9ano\">Cruces del oc\u00e9ano<\/option><option value=\"Cuba\">Cuba<\/option><option value=\"Cruceros Tem\u00e1ticos\">Cruceros Tem\u00e1ticos<\/option><option value=\"D\u00eda festivo\">D\u00eda festivo<\/option><option value=\"Exploraciones ampliadas\">Exploraciones ampliadas<\/option><option value=\"Europa\">Europa<\/option><option value=\"- B\u00e1ltico y Rusia\">&#8211; B\u00e1ltico y Rusia<\/option><option value=\"- Europa Central\">&#8211; Europa Central<\/option><option value=\"- Crucero por el R\u00edo Europa\">&#8211; Crucero por el R\u00edo Europa<\/option><option value=\"- Europa del Norte\">&#8211; Europa del Norte<\/option><option value=\"- Europa del Este\">&#8211; Europa del Este<\/option><option value=\"Hawaii y Pac\u00edfica Sur\">Hawaii y Pac\u00edfica Sur<\/option><option value=\"Italia\">Italia<\/option><option value=\"Islas Griegas\">Islas Griegas<\/option><option value=\"Mediterr\u00e1neo\">Mediterr\u00e1neo<\/option><option value=\"M\u00e9xico\">M\u00e9xico<\/option><option value=\"Pac\u00edfico Sur\">Pac\u00edfico Sur<\/option><option value=\"Per\u00fa y la Amazon\u00eda\">Per\u00fa y la Amazon\u00eda<\/option><option value=\"Riviera Mexicana\">Riviera Mexicana<\/option><option value=\"Oc\u00e9ano \u00cdndico\">Oc\u00e9ano \u00cdndico<\/option><option value=\"Oriente Medio\">Oriente Medio<\/option><option value=\"Sur America\">Sur America<\/option><option value=\"Sud\u00e1frica y la Ant\u00e1rtida\">Sud\u00e1frica y la Ant\u00e1rtida<\/option><option value=\"Tahit\u00ed\">Tahit\u00ed<\/option><option value=\"Transantl\u00e1ntica\">Transantl\u00e1ntica<\/option><option value=\"Transoce\u00e1nico\">Transoce\u00e1nico<\/option><\/select><\/span><\/label><\/p>\n<h3>\u00bfPosee visa para su destino?<\/h3>\n<p><span class=\"wpcf7-form-control-wrap radio-908\"><span class=\"wpcf7-form-control wpcf7-radio\"><span class=\"wpcf7-list-item first\"><input type=\"radio\" name=\"radio-908\" value=\"S\u00ed\" checked=\"checked\" \/><span class=\"wpcf7-list-item-label\">S\u00ed<\/span><\/span><span class=\"wpcf7-list-item last\"><input type=\"radio\" name=\"radio-908\" value=\"No\" \/><span class=\"wpcf7-list-item-label\">No<\/span><\/span><\/span><\/span><\/p>\n<h3>\u00bfCon cu\u00e1l naviera desea viajar?<\/h3>\n<p><span class=\"wpcf7-form-control-wrap radio-622\"><span class=\"wpcf7-form-control wpcf7-radio\"><span class=\"wpcf7-list-item first\"><input type=\"radio\" name=\"radio-622\" value=\"Cotizar Varios\" checked=\"checked\" \/><span class=\"wpcf7-list-item-label\">Cotizar Varios<\/span><\/span><span class=\"wpcf7-list-item\"><input type=\"radio\" name=\"radio-622\" value=\"Aqua Expeditions\" \/><span class=\"wpcf7-list-item-label\">Aqua Expeditions<\/span><\/span><span class=\"wpcf7-list-item\"><input type=\"radio\" name=\"radio-622\" value=\"Crystal Cruises\" \/><span class=\"wpcf7-list-item-label\">Crystal Cruises<\/span><\/span><span class=\"wpcf7-list-item\"><input type=\"radio\" name=\"radio-622\" value=\"Holland American Line\" \/><span class=\"wpcf7-list-item-label\">Holland American Line<\/span><\/span><span class=\"wpcf7-list-item\"><input type=\"radio\" name=\"radio-622\" value=\"Seabourn Cruises\" \/><span class=\"wpcf7-list-item-label\">Seabourn Cruises<\/span><\/span><span class=\"wpcf7-list-item last\"><input type=\"radio\" name=\"radio-622\" value=\"Windstar Cruises\" \/><span class=\"wpcf7-list-item-label\">Windstar Cruises<\/span><\/span><\/span><\/span><\/p>\n<h3>\u00bfCu\u00e1ndo desea viajar?<\/h3>\n<p><label><span class=\"wpcf7-form-control-wrap date-549\"><input type=\"date\" name=\"date-549\" value=\"Desde:\" class=\"wpcf7-form-control wpcf7-date wpcf7-validates-as-date\" aria-invalid=\"false\" \/><\/span><\/label> <label><span class=\"wpcf7-form-control-wrap date-550\"><input type=\"date\" name=\"date-550\" value=\"hasta:\" class=\"wpcf7-form-control wpcf7-date wpcf7-validates-as-date\" aria-invalid=\"false\" \/><\/span><\/label><\/p>\n<p><input type=\"submit\" value=\"Enviar\" class=\"wpcf7-form-control wpcf7-submit\" \/><\/p>\n<div class=\"wpcf7-response-output wpcf7-display-none\"><\/div>\n<\/form>\n<\/div>\n<\/div>\n<\/div>\n<\/div>\n<\/div>\n<\/div>\n<\/div>\n<\/div>\n","protected":false},"excerpt":{"rendered":"<p>Navieras Navieras exclusivas todas 5 estrellas, 5 estrellas plus e inclusive 6 estrellas. Barcos boutique con servicios personalizados. En nuestras navieras todo pasajero tiene \u201cnombre y apellido\u201d. Aqua Expeditions Vive la ex\u00f3tica, intima y exuberante experiencia de descubrir las misteriosas [&hellip;]<\/p>\n","protected":false},"author":1,"featured_media":0,"parent":0,"menu_order":0,"comment_status":"closed","ping_status":"closed","template":"","meta":{"footnotes":""},"class_list":["post-39","page","type-page","status-publish","hentry"],"_links":{"self":[{"href":"https:\/\/www.rephighclass.com\/rhc\/wp-json\/wp\/v2\/pages\/39","targetHints":{"allow":["GET"]}}],"collection":[{"href":"https:\/\/www.rephighclass.com\/rhc\/wp-json\/wp\/v2\/pages"}],"about":[{"href":"https:\/\/www.rephighclass.com\/rhc\/wp-json\/wp\/v2\/types\/page"}],"author":[{"embeddable":true,"href":"https:\/\/www.rephighclass.com\/rhc\/wp-json\/wp\/v2\/users\/1"}],"replies":[{"embeddable":true,"href":"https:\/\/www.rephighclass.com\/rhc\/wp-json\/wp\/v2\/comments?post=39"}],"version-history":[{"count":46,"href":"https:\/\/www.rephighclass.com\/rhc\/wp-json\/wp\/v2\/pages\/39\/revisions"}],"predecessor-version":[{"id":492,"href":"https:\/\/www.rephighclass.com\/rhc\/wp-json\/wp\/v2\/pages\/39\/revisions\/492"}],"wp:attachment":[{"href":"https:\/\/www.rephighclass.com\/rhc\/wp-json\/wp\/v2\/media?parent=39"}],"curies":[{"name":"wp","href":"https:\/\/api.w.org\/{rel}","templated":true}]}}