{"id":45,"date":"2019-01-31T15:36:54","date_gmt":"2019-01-31T15:36:54","guid":{"rendered":"http:\/\/rhc.veonetwork.com\/?page_id=45"},"modified":"2021-12-15T01:05:04","modified_gmt":"2021-12-15T01:05:04","slug":"bienvenido-a-representaciones-high-class","status":"publish","type":"page","link":"https:\/\/www.rephighclass.com\/rhc\/","title":{"rendered":"bienvenido a Representaciones High Class"},"content":{"rendered":"<div  class=\"one withsmallpadding ppb_tour_search_background parallax withbg \" style=\"text-align:center;height:475px;background-image:url(http:\/\/www.rephighclass.com\/rhc\/wp-content\/uploads\/2019\/01\/travel-landscape-19.jpg);background-position: center center;color:#294b9a;\" >\n<div class=\"overlay_background\" style=\"background:#ffffff;background:rgb(255,255,255,0.75);background:rgba(255,255,255,0.75);\"><\/div>\n<div class=\"center_wrapper\">\n<div class=\"inner_content\">\n<div class=\"standard_wrapper\">\n<h2 class=\"ppb_title\" style=\"color:#294b9a;\">Bienvenido a Representaciones High Class<\/h2>\n<div class=\"page_tagline\" style=\"color:#294b9a;\">\u00bfA donde quiere ir?<\/div>\n<form id=\"tour_search_form\" class=\"tour_search_form\" method=\"get\" action=\"http:\/\/www.rephighclass.com\/rhc\/tours-rhc\/\">\n<div class=\"tour_search_wrapper\">\n<div class=\"one_fourth themeborder\">\n    \t\t<input id=\"keyword\" name=\"keyword\" type=\"text\" autocomplete=\"off\" placeholder=\"Destination, city\"\/><br \/>\n    \t\t<span class=\"ti-search\"><\/span><\/p>\n<div id=\"autocomplete\" class=\"autocomplete\" data-mousedown=\"false\"><\/div>\n<\/p><\/div>\n<div class=\"one_fourth themeborder\"><select id=\"month\" name=\"month\"><option value=\"\">Any Month<\/option><option value=\"january\">January<\/option><option value=\"february\">February<\/option><option value=\"march\">March<\/option><option value=\"april\">April<\/option><option value=\"may\">May<\/option><option value=\"june\">June<\/option><option value=\"july\">July<\/option><option value=\"august\">August<\/option><option value=\"september\">September<\/option><option value=\"october\">October<\/option><option value=\"november\">November<\/option><option value=\"december\">December<\/option><\/select><br \/>\n    \t\t<span class=\"ti-calendar\"><\/span>\n    \t<\/div>\n<div class=\"one_fourth themeborder\"><select id=\"sort_by\" name=\"sort_by\"><option value=\"date\">Sort By Date<\/option><option value=\"price_low\">Price Low to High<\/option><option value=\"price_high\">Price High to Low<\/option><option value=\"name\">Sort By Name<\/option><option value=\"popular\">Sort By Popularity<\/option><option value=\"review\">Sort By Review Score<\/option><\/select><br \/>\n    \t\t<span class=\"ti-exchange-vertical\"><\/span>\n    \t<\/div>\n<div class=\"one_fourth last themeborder\">\n    \t\t<input id=\"tour_search_btn\" type=\"submit\" class=\"button\" value=\"Search\"\/>\n    \t<\/div>\n<p><br class=\"clear\"\/><\/p>\n<div class=\"tour_advance_search_wrapper\">\n<div class=\"one_fourth themeborder\"><select id=\"tourcat\" name=\"tourcat\"><option value=\"\">All Categories<\/option><option value=\"charters\">Charters<\/option><option value=\"hoteles\">Hoteles<\/option><option value=\"navieras\">Navieras<\/option><option value=\"trenes\">Trenes<\/option><\/select><br \/>\n\t    \t\t<span class=\"ti-angle-down\"><\/span>\n\t    \t<\/div>\n<div class=\"one_fourth themeborder\"><select id=\"destination_id\" name=\"destination_id\"><option value=\"\">Any Destinations<\/option><option value=\"70\">Per\u00fa<\/option><option value=\"265\">Vietnam<\/option><\/select><br \/>\n\t    \t\t<span class=\"ti-angle-down\"><\/span>\n\t    \t<\/div>\n<div class=\"one_fourth themeborder\">\n\t    \t\t<input id=\"budget\" name=\"budget\" type=\"text\" placeholder=\"Max budget ex. 500\"\/><br \/>\n\t    \t\t<span>$<\/span>\n\t    \t<\/div>\n<\/div>\n<\/div>\n<div class=\"tour_advance_search_wrapper_link\"><a id=\"tour_advance_search_toggle\" href=\"javascript:;\" style=\"color:#294b9a;\"><span class=\"icon ti-angle-down\"><\/span>Advanced Search<\/a><\/div>\n<\/p><\/div>\n<\/form>\n<\/div>\n<\/div>\n<\/div>\n<\/div>\n<div  class=\"one withsmallpadding ppb_header \" style=\"text-align:center;padding:40px 0 40px 0;color:#294b9a;\" >\n<div class=\"standard_wrapper\">\n<div class=\"page_content_wrapper\">\n<div class=\"inner\">\n<div style=\"margin:auto;width:100%\">\n<h2 class=\"ppb_title\" style=\"color:#294b9a;\">\u00bfC\u00f3mo desea viajar?<\/h2>\n<\/div>\n<\/div>\n<\/div>\n<\/div>\n<\/div>\n<div  class=\"ppb_tourcat_grid one nopadding \" style=\"margin-top:30px;margin-bottom:30px;\" >\n<div class=\"page_content_wrapper page_main_content sidebar_content full_width fixed_column\">\n<div class=\"standard_wrapper\">\n<div id=\"16395299601740603559\" class=\"portfolio_filter_wrapper gallery grid portrait four_cols\" data-columns=\"4\">\n<div class=\"element grid classic4_cols animated1\">\n<div class=\"one_fourth gallery4 grid static filterable portfolio_type themeborder\" style=\"background-image:url(http:\/\/www.rephighclass.com\/rhc\/wp-content\/uploads\/2019\/02\/3690581444001_5537004697001_image-1502322558375.jpg);\"><a class=\"tour_image\" href=\"https:\/\/www.rephighclass.com\/rhc\/tourcat\/charters\/\"><\/a><\/p>\n<div class=\"portfolio_info_wrapper\">\n<h3>Charters<\/h3>\n<\/div>\n<\/div>\n<\/div>\n<div class=\"element grid classic4_cols animated2\">\n<div class=\"one_fourth gallery4 grid static filterable portfolio_type themeborder\" style=\"background-image:url(http:\/\/www.rephighclass.com\/rhc\/wp-content\/uploads\/2019\/02\/unnamed-28.jpg);\"><a class=\"tour_image\" href=\"https:\/\/www.rephighclass.com\/rhc\/tourcat\/hoteles\/\"><\/a><\/p>\n<div class=\"portfolio_info_wrapper\">\n<h3>Hoteles<\/h3>\n<\/div>\n<\/div>\n<\/div>\n<div class=\"element grid classic4_cols animated3\">\n<div class=\"one_fourth gallery4 grid static filterable portfolio_type themeborder\" style=\"background-image:url(http:\/\/www.rephighclass.com\/rhc\/wp-content\/uploads\/2019\/02\/635570124357120268-Crystal-Symphony-1-.jpg);\"><a class=\"tour_image\" href=\"https:\/\/www.rephighclass.com\/rhc\/tourcat\/navieras\/\"><\/a><\/p>\n<div class=\"portfolio_info_wrapper\">\n<h3>Navieras<\/h3>\n<\/div>\n<\/div>\n<\/div>\n<div class=\"element grid classic4_cols animated4\">\n<div class=\"one_fourth gallery4 grid static filterable portfolio_type themeborder\" style=\"background-image:url(http:\/\/www.rephighclass.com\/rhc\/wp-content\/uploads\/2019\/02\/transcantabrico-bonar-iv.jpg);\"><a class=\"tour_image\" href=\"https:\/\/www.rephighclass.com\/rhc\/tourcat\/trenes\/\"><\/a><\/p>\n<div class=\"portfolio_info_wrapper\">\n<h3>Trenes<\/h3>\n<\/div>\n<\/div>\n<\/div>\n<\/div>\n<\/div>\n<\/div>\n<\/div>\n<div class=\"one withsmallpadding ppb_content_half_bg withbg parallax \" style=\"background-image:url(http:\/\/www.rephighclass.com\/rhc\/wp-content\/uploads\/2019\/01\/travel-landscape-17.jpg);background-position: center center;padding:90px 0 90px 0;\" >\n<div class=\"standard_wrapper\">\n<div class=\"page_content_wrapper\">\n<div class=\"inner\">\n<div class=\"one_half_bg floatright\" style=\"background:#ffffff;background:rgb(255,255,255,1);background:rgba(255,255,255,1);color:#294b9a;\" data-stellar-ratio=\"1.3\">\n<h2 class=\"ppb_title\" style=\"color:#294b9a;\">M\u00e1s de 40 a\u00f1os de experiencia en el sector tur\u00edstico.<\/h2>\n<div class=\"ppb_header_content\">\n<p>RHC le brinda a cada cliente un servicio de alto perfil y de calidad intachable en cuanto a navieras, hoteles, trenes de lujo y vuelos charters se trata.<\/p>\n<p><a class=\"button small \" style=\"background-color:#5babe1 !important;color:#ffffff !important;border:1px solid #5babe1 !important;\" onclick=\"window.open('http:\/\/www.rephighclass.com\/rhc\/mundo-rhc\/', '_self')\">\u00a1Con\u00f3cenos!<\/a>\n<\/div>\n<\/div>\n<\/div>\n<\/div>\n<\/div>\n<\/div>\n<div  class=\"one withsmallpadding ppb_header \" style=\"text-align:center;padding:40px 0 40px 0;color:#294b9a;\" >\n<div class=\"standard_wrapper\">\n<div class=\"page_content_wrapper\">\n<div class=\"inner\">\n<div style=\"margin:auto;width:100%\">\n<h2 class=\"ppb_title\" style=\"color:#294b9a;\">Navieras<\/h2>\n<\/div>\n<\/div>\n<\/div>\n<\/div>\n<\/div>\n<div  class=\"one withsmallpadding ppb_text\" style=\"text-align:center;padding:40px 0 40px 0;\" >\n<div class=\"standard_wrapper\">\n<div class=\"page_content_wrapper\">\n<div class=\"inner\">\n<div style=\"margin:auto;width:100%\">\n<p><a href=\"http:\/\/www.rephighclass.com\/rhc\/navieras\/\"><img decoding=\"async\" src=\"http:\/\/www.rephighclass.com\/rhc\/wp-content\/uploads\/2019\/02\/tira-cruceros-charter-trenes-rhc-01.jpg\" alt=\"\" width=\"100%\"\/><\/a><\/p>\n<\/div>\n<\/div>\n<\/div>\n<\/div>\n<\/div>\n<div  class=\"one withsmallpadding ppb_content_half_bg withbg parallax \" style=\"background-image:url(http:\/\/www.rephighclass.com\/rhc\/wp-content\/uploads\/2019\/02\/Crystal-Skye-in-the-Air-4-1.jpg);background-position: center center;padding:40px 0 40px 0;\" >\n<div class=\"standard_wrapper\">\n<div class=\"page_content_wrapper\">\n<div class=\"inner\">\n<div class=\"one_half_bg\" style=\"background:#ffffff;background:rgb(255,255,255,1);background:rgba(255,255,255,1);color:#294b9a;\" data-stellar-ratio=\"1.3\">\n<h2 class=\"ppb_title\" style=\"color:#294b9a;\">El placer de volar como quieres y donde quieres. <\/h2>\n<div class=\"ppb_header_content\">\n<p>Disfruta de momentos \u00fanico, llenos de lujo, confort y atenci\u00f3n personalizada en nuestros vuelos privados que recorren el mundo. \u00a1Privacidad, seguridad y buenos momentos para el resto de su vida!<\/p>\n<p><a class=\"button small \" style=\"background-color:#294b9a !important;color:#ffffff !important;border:1px solid #294b9a !important;\" onclick=\"window.open('http:\/\/rhc.veonetwork.com\/jets', '_self')\">Planifique su vuelo<\/a>\n<\/div>\n<\/div>\n<\/div>\n<\/div>\n<\/div>\n<\/div>\n<div  class=\"one withsmallpadding ppb_header \" style=\"text-align:center;padding:40px 0 40px 0;color:#294b9a;\" >\n<div class=\"standard_wrapper\">\n<div class=\"page_content_wrapper\">\n<div class=\"inner\">\n<div style=\"margin:auto;width:100%\">\n<h2 class=\"ppb_title\" style=\"color:#294b9a;\">Trenes<\/h2>\n<\/div>\n<\/div>\n<\/div>\n<\/div>\n<\/div>\n<div  class=\"one withsmallpadding ppb_text\" style=\"text-align:center;padding:40px 0 40px 0;\" >\n<div class=\"standard_wrapper\">\n<div class=\"page_content_wrapper\">\n<div class=\"inner\">\n<div style=\"margin:auto;width:100%\">\n<p><a href=\"http:\/\/www.rephighclass.com\/rhc\/trenes\/\"><img decoding=\"async\" src=\"http:\/\/www.rephighclass.com\/rhc\/wp-content\/uploads\/2019\/02\/tira-cruceros-charter-trenes-rhc-02.jpg\" alt=\"\" width=\"100%\"\/><\/a><\/p>\n<\/div>\n<\/div>\n<\/div>\n<\/div>\n<\/div>\n<div  class=\"one withsmallpadding ppb_header \" style=\"text-align:center;padding:40px 0 40px 0;color:#294b9a;\" >\n<div class=\"standard_wrapper\">\n<div class=\"page_content_wrapper\">\n<div class=\"inner\">\n<div style=\"margin:auto;width:100%\">\n<h2 class=\"ppb_title\" style=\"color:#294b9a;\">Hoteles<\/h2>\n<\/div>\n<\/div>\n<\/div>\n<\/div>\n<\/div>\n<div  class=\"one withsmallpadding ppb_text\" style=\"text-align:center;padding:40px 0 40px 0;\" >\n<div class=\"standard_wrapper\">\n<div class=\"page_content_wrapper\">\n<div class=\"inner\">\n<div style=\"margin:auto;width:100%\">\n<p><a href=\"http:\/\/www.rephighclass.com\/rhc\/hoteles\/\"><img decoding=\"async\" src=\"http:\/\/www.rephighclass.com\/rhc\/wp-content\/uploads\/2019\/02\/tira-cruceros-charter-trenes-rhc-03.jpg\" alt=\"\" width=\"100%\"\/><\/a><\/p>\n<\/div>\n<\/div>\n<\/div>\n<\/div>\n<\/div>\n<div  class=\"one withsmallpadding ppb_header \" style=\"text-align:center;padding:40px 0 40px 0;color:#294b9a;\" >\n<div class=\"standard_wrapper\">\n<div class=\"page_content_wrapper\">\n<div class=\"inner\">\n<div style=\"margin:auto;width:100%\">\n<h2 class=\"ppb_title\" style=\"color:#294b9a;\">Noticias Recientes<\/h2>\n<\/div>\n<\/div>\n<\/div>\n<\/div>\n<\/div>\n<div class=\"standard_wrapper\">\n<div  class=\"ppb_blog_grid one nopadding\" style=\"padding:40px 0 40px 0;\" >\n<div class=\"page_content_wrapper\">\n<div class=\"inner\">\n<div class=\"inner_wrapper\">\n<div class=\"blog_grid_wrapper sidebar_content full_width ppb_blog_posts\">\n<div id=\"post-480\" class=\"post type-post hentry status-publish \">\n<div class=\"post_wrapper grid_layout\">\n<div class=\"post_img small static\">\n\t\t    \t    \t<a href=\"https:\/\/www.rephighclass.com\/rhc\/2019\/03\/14\/seabourn-nombra-primer-nuevo-buque-expedicionario-de-ultra-luxury\/\"><br \/>\n\t\t    \t    \t\t<img decoding=\"async\" src=\"https:\/\/www.rephighclass.com\/rhc\/wp-content\/uploads\/2019\/03\/031419_01_landingHero-960x600.jpg\" alt=\"Seabourn revela nombre de su primer crucero de expedici\u00f3n\" class=\"\"\/><br \/>\n\t\t                <\/a>\n\t\t    \t    <\/div>\n<div class=\"post_header_wrapper\">\n<div class=\"post_header grid\">\n<div class=\"post_detail single_post\">\n\t\t\t\t    <span class=\"post_info_date\"><br \/>\n\t\t\t\t    \t<a href=\"https:\/\/www.rephighclass.com\/rhc\/2019\/03\/14\/seabourn-nombra-primer-nuevo-buque-expedicionario-de-ultra-luxury\/\" title=\"Seabourn revela nombre de su primer crucero de expedici\u00f3n\">14 marzo, 2019<\/a><br \/>\n\t\t\t\t    <\/span>\n\t\t\t\t<\/div>\n<h6><a href=\"https:\/\/www.rephighclass.com\/rhc\/2019\/03\/14\/seabourn-nombra-primer-nuevo-buque-expedicionario-de-ultra-luxury\/\" title=\"Seabourn revela nombre de su primer crucero de expedici\u00f3n\">Seabourn revela nombre de su primer crucero de expedici\u00f3n<\/a><\/h6>\n<\/p><\/div>\n<p>Seabourn\u00a0revel\u00f3 que su primer crucero de ultra lujo de la nueva gama de expedici\u00f3n&#8230;<\/p>\n<div class=\"post_button_wrapper\">\n\t\t\t    \t<a class=\"readmore\" href=\"https:\/\/www.rephighclass.com\/rhc\/2019\/03\/14\/seabourn-nombra-primer-nuevo-buque-expedicionario-de-ultra-luxury\/\">Read More<span class=\"ti-angle-right\"><\/span><\/a>\n\t\t\t\t\t<\/div>\n<\/p><\/div>\n<\/p><\/div>\n<\/p><\/div>\n<div id=\"post-152\" class=\"post type-post hentry status-publish \">\n<div class=\"post_wrapper grid_layout\">\n<div class=\"post_img small static\">\n\t\t    \t    \t<a href=\"https:\/\/www.rephighclass.com\/rhc\/2019\/02\/05\/seabourn-cruise-line-anuncia-su-crucero-mundial-2020\/\"><br \/>\n\t\t    \t    \t\t<img decoding=\"async\" src=\"https:\/\/www.rephighclass.com\/rhc\/wp-content\/uploads\/2019\/02\/seabourn-sojourn-portada-960x600.jpg\" alt=\"Seabourn Cruise Line anuncia su Crucero Mundial 2020\" class=\"\"\/><br \/>\n\t\t                <\/a>\n\t\t    \t    <\/div>\n<div class=\"post_header_wrapper\">\n<div class=\"post_header grid\">\n<div class=\"post_detail single_post\">\n\t\t\t\t    <span class=\"post_info_date\"><br \/>\n\t\t\t\t    \t<a href=\"https:\/\/www.rephighclass.com\/rhc\/2019\/02\/05\/seabourn-cruise-line-anuncia-su-crucero-mundial-2020\/\" title=\"Seabourn Cruise Line anuncia su Crucero Mundial 2020\">5 febrero, 2019<\/a><br \/>\n\t\t\t\t    <\/span>\n\t\t\t\t<\/div>\n<h6><a href=\"https:\/\/www.rephighclass.com\/rhc\/2019\/02\/05\/seabourn-cruise-line-anuncia-su-crucero-mundial-2020\/\" title=\"Seabourn Cruise Line anuncia su Crucero Mundial 2020\">Seabourn Cruise Line anuncia su Crucero Mundial 2020<\/a><\/h6>\n<\/p><\/div>\n<p>Zarpar\u00e1 desde Miami el 4 de enero de 2020<br \/>\nSeabourn ofrece a los cruceristas&#8230;<\/p>\n<div class=\"post_button_wrapper\">\n\t\t\t    \t<a class=\"readmore\" href=\"https:\/\/www.rephighclass.com\/rhc\/2019\/02\/05\/seabourn-cruise-line-anuncia-su-crucero-mundial-2020\/\">Read More<span class=\"ti-angle-right\"><\/span><\/a>\n\t\t\t\t\t<\/div>\n<\/p><\/div>\n<\/p><\/div>\n<\/p><\/div>\n<div id=\"post-132\" class=\"post type-post hentry status-publish last\">\n<div class=\"post_wrapper grid_layout\">\n<div class=\"post_img small static\">\n\t\t    \t    \t<a href=\"https:\/\/www.rephighclass.com\/rhc\/2019\/01\/31\/el-ms-prinsendam-dejara-la-flota-el-1ro-de-julio-de-2019\/\"><br \/>\n\t\t    \t    \t\t<img decoding=\"async\" src=\"https:\/\/www.rephighclass.com\/rhc\/wp-content\/uploads\/2019\/02\/ms-prinsendam-960x600.jpg\" alt=\"El ms Prinsendam dejar\u00e1 la flota el 1ro de julio de 2019\" class=\"\"\/><br \/>\n\t\t                <\/a>\n\t\t    \t    <\/div>\n<div class=\"post_header_wrapper\">\n<div class=\"post_header grid\">\n<div class=\"post_detail single_post\">\n\t\t\t\t    <span class=\"post_info_date\"><br \/>\n\t\t\t\t    \t<a href=\"https:\/\/www.rephighclass.com\/rhc\/2019\/01\/31\/el-ms-prinsendam-dejara-la-flota-el-1ro-de-julio-de-2019\/\" title=\"El ms Prinsendam dejar\u00e1 la flota el 1ro de julio de 2019\">31 enero, 2019<\/a><br \/>\n\t\t\t\t    <\/span>\n\t\t\t\t<\/div>\n<h6><a href=\"https:\/\/www.rephighclass.com\/rhc\/2019\/01\/31\/el-ms-prinsendam-dejara-la-flota-el-1ro-de-julio-de-2019\/\" title=\"El ms Prinsendam dejar\u00e1 la flota el 1ro de julio de 2019\">El ms Prinsendam dejar\u00e1 la flota el 1ro de julio de 2019<\/a><\/h6>\n<\/p><\/div>\n<p>Es uno de los barcos m\u00e1s antiguos de Holland America Line<br \/>\nHolland America Line&#8230;<\/p>\n<div class=\"post_button_wrapper\">\n\t\t\t    \t<a class=\"readmore\" href=\"https:\/\/www.rephighclass.com\/rhc\/2019\/01\/31\/el-ms-prinsendam-dejara-la-flota-el-1ro-de-julio-de-2019\/\">Read More<span class=\"ti-angle-right\"><\/span><\/a>\n\t\t\t\t\t<\/div>\n<\/p><\/div>\n<\/p><\/div>\n<\/p><\/div>\n<\/div>\n<\/div>\n<\/div>\n<\/div>\n<\/div>\n<\/div>\n<div id=\"undefined\" class=\"one fullwidth \">\n<div style=\"width:800px;height:300px;margin-bottom:10px;margin:0px auto;\">\n<div style=\"margin: auto; line-height: 40px; font-size: 14px; color: #FFF; padding: 15px; background: #E74C3C; margin: 20px 0px;\">\n\t\t\t\tRevolution Slider Error: Slider with alias <strong>undefined<\/strong> not found. <br \/>Maybe you mean: &#8216;home-rhc&#8217;\t\t\t<\/div>\n<\/p><\/div>\n<p>\t\t<script type=\"text\/javascript\">\n\t\t\tjQuery(document).ready(function(){\n\t\t\t\tjQuery(\".rev_slider\").show();\n\t\t\t});\n\t\t<\/script>\n\t\t<\/div>\n","protected":false},"excerpt":{"rendered":"<p>Bienvenido a Representaciones High Class \u00bfA donde quiere ir? Any MonthJanuaryFebruaryMarchAprilMayJuneJulyAugustSeptemberOctoberNovemberDecember Sort By DatePrice Low to HighPrice High to LowSort By NameSort By PopularitySort By Review Score All CategoriesChartersHotelesNavierasTrenes Any DestinationsPer\u00faVietnam $ Advanced Search \u00bfC\u00f3mo desea viajar? Charters Hoteles Navieras [&hellip;]<\/p>\n","protected":false},"author":1,"featured_media":0,"parent":0,"menu_order":0,"comment_status":"closed","ping_status":"closed","template":"","meta":{"footnotes":""},"class_list":["post-45","page","type-page","status-publish","hentry"],"_links":{"self":[{"href":"https:\/\/www.rephighclass.com\/rhc\/wp-json\/wp\/v2\/pages\/45","targetHints":{"allow":["GET"]}}],"collection":[{"href":"https:\/\/www.rephighclass.com\/rhc\/wp-json\/wp\/v2\/pages"}],"about":[{"href":"https:\/\/www.rephighclass.com\/rhc\/wp-json\/wp\/v2\/types\/page"}],"author":[{"embeddable":true,"href":"https:\/\/www.rephighclass.com\/rhc\/wp-json\/wp\/v2\/users\/1"}],"replies":[{"embeddable":true,"href":"https:\/\/www.rephighclass.com\/rhc\/wp-json\/wp\/v2\/comments?post=45"}],"version-history":[{"count":117,"href":"https:\/\/www.rephighclass.com\/rhc\/wp-json\/wp\/v2\/pages\/45\/revisions"}],"predecessor-version":[{"id":2432,"href":"https:\/\/www.rephighclass.com\/rhc\/wp-json\/wp\/v2\/pages\/45\/revisions\/2432"}],"wp:attachment":[{"href":"https:\/\/www.rephighclass.com\/rhc\/wp-json\/wp\/v2\/media?parent=45"}],"curies":[{"name":"wp","href":"https:\/\/api.w.org\/{rel}","templated":true}]}}